{"id":14,"date":"2024-02-10T17:57:55","date_gmt":"2024-02-10T17:57:55","guid":{"rendered":"https:\/\/annapapp.art\/?page_id=14"},"modified":"2026-01-16T11:00:22","modified_gmt":"2026-01-16T11:00:22","slug":"bio","status":"publish","type":"page","link":"https:\/\/annapapp.art\/?page_id=14","title":{"rendered":"Bio"},"content":{"rendered":"\t\t<div data-elementor-type=\"wp-page\" data-elementor-id=\"14\" class=\"elementor elementor-14\">\n\t\t\t\t<div class=\"elementor-element elementor-element-b3aa91a e-flex e-con-boxed e-con e-parent\" data-id=\"b3aa91a\" data-element_type=\"container\" data-settings=\"{&quot;content_width&quot;:&quot;boxed&quot;}\" data-core-v316-plus=\"true\">\n\t\t\t\t\t<div class=\"e-con-inner\">\n\t\t<div class=\"elementor-element elementor-element-f39d391 e-con-full e-flex e-con e-child\" data-id=\"f39d391\" data-element_type=\"container\" data-settings=\"{&quot;content_width&quot;:&quot;full&quot;}\">\n\t\t\t\t<div class=\"elementor-element elementor-element-b6dcc21 elementor-widget elementor-widget-image\" data-id=\"b6dcc21\" data-element_type=\"widget\" data-widget_type=\"image.default\">\n\t\t\t\t<div class=\"elementor-widget-container\">\n\t\t\t<style>\/*! elementor - v3.19.0 - 07-02-2024 *\/\n.elementor-widget-image{text-align:center}.elementor-widget-image a{display:inline-block}.elementor-widget-image a img[src$=\".svg\"]{width:48px}.elementor-widget-image img{vertical-align:middle;display:inline-block}<\/style>\t\t\t\t\t\t\t\t\t\t<img fetchpriority=\"high\" decoding=\"async\" width=\"768\" height=\"768\" src=\"https:\/\/annapapp.art\/wp-content\/uploads\/2024\/02\/covers-03-768x768.png\" class=\"attachment-medium_large size-medium_large wp-image-200\" alt=\"\" srcset=\"https:\/\/annapapp.art\/wp-content\/uploads\/2024\/02\/covers-03-768x768.png 768w, https:\/\/annapapp.art\/wp-content\/uploads\/2024\/02\/covers-03-300x300.png 300w, https:\/\/annapapp.art\/wp-content\/uploads\/2024\/02\/covers-03-1024x1024.png 1024w, https:\/\/annapapp.art\/wp-content\/uploads\/2024\/02\/covers-03-150x150.png 150w, https:\/\/annapapp.art\/wp-content\/uploads\/2024\/02\/covers-03.png 1501w\" sizes=\"(max-width: 768px) 100vw, 768px\" \/>\t\t\t\t\t\t\t\t\t\t\t\t\t<\/div>\n\t\t\t\t<\/div>\n\t\t\t\t<\/div>\n\t\t<div class=\"elementor-element elementor-element-85fc678 e-con-full e-flex e-con e-child\" data-id=\"85fc678\" data-element_type=\"container\" data-settings=\"{&quot;content_width&quot;:&quot;full&quot;}\">\n\t\t\t\t<div class=\"elementor-element elementor-element-1c3d7ab elementor-widget elementor-widget-text-editor\" data-id=\"1c3d7ab\" data-element_type=\"widget\" data-widget_type=\"text-editor.default\">\n\t\t\t\t<div class=\"elementor-widget-container\">\n\t\t\t<style>\/*! elementor - v3.19.0 - 07-02-2024 *\/\n.elementor-widget-text-editor.elementor-drop-cap-view-stacked .elementor-drop-cap{background-color:#69727d;color:#fff}.elementor-widget-text-editor.elementor-drop-cap-view-framed .elementor-drop-cap{color:#69727d;border:3px solid;background-color:transparent}.elementor-widget-text-editor:not(.elementor-drop-cap-view-default) .elementor-drop-cap{margin-top:8px}.elementor-widget-text-editor:not(.elementor-drop-cap-view-default) .elementor-drop-cap-letter{width:1em;height:1em}.elementor-widget-text-editor .elementor-drop-cap{float:left;text-align:center;line-height:1;font-size:50px}.elementor-widget-text-editor .elementor-drop-cap-letter{display:inline-block}<\/style>\t\t\t\t<p><span style=\"font-weight: 400;\">Alkot\u00e1saimban a val\u00f3s\u00e1g \u00e9s a sz\u00fcrrealit\u00e1s hat\u00e1rvonal\u00e1n mozogva keresem az egyens\u00falyt. K\u00e9peim k\u00f6z\u00e9ppontj\u00e1ban n\u0151alakok \u00e1llnak, melyeket realista m\u00f3don \u00e1br\u00e1zolva igyekszem megragadni a n\u0151i l\u00e9lek m\u00e9lys\u00e9geit, \u00e9rz\u00e9kenys\u00e9g\u00e9t \u00e9s komplexit\u00e1s\u00e1t.<\/span><\/p><p><span style=\"font-weight: 400;\">Az emberi form\u00e1k prec\u00edz kidolgoz\u00e1sa mellett sz\u00fcrre\u00e1lis elemeket is be\u00e9p\u00edtek alkot\u00e1saimba. Ezek az absztrakt mot\u00edvumok fokozz\u00e1k a k\u00e9pek kifejez\u0151erej\u00e9t, \u00e9s m\u00e9lyebb jelent\u00e9st adnak nekik. A n\u0151iess\u00e9g m\u00e9lyebb r\u00e9tegeit kutatom, \u00e9s olyan \u00e9rz\u00e9seket, gondolatokat keresek, melyek a racion\u00e1lis vil\u00e1gban nehezen fogalmazhat\u00f3k meg.<\/span><\/p><p><span style=\"font-weight: 400;\">F\u0151 t\u00e9m\u00e1m a n\u0151i \u00e9rz\u00e9kenys\u00e9g. Azon dolgozom, hogy a n\u0151i l\u00e9lek sokr\u00e9t\u0171s\u00e9g\u00e9t, sebezhet\u0151s\u00e9g\u00e9t \u00e9s erej\u00e9t egyszerre t\u00fckr\u00f6zzem m\u0171veimben. A n\u0151i alakok nemcsak fizikai sz\u00e9ps\u00e9g\u00fckkel, hanem bels\u0151 vil\u00e1gukkal is megragadj\u00e1k a figyelmet. Az arckifejez\u00e9s, a testtart\u00e1s, a k\u00f6rnyezet mind-mind hozz\u00e1j\u00e1rulnak ahhoz, hogy a n\u00e9z\u0151 bepillant\u00e1st nyerjen a n\u0151i l\u00e9lek rejtelmeibe.<\/span><\/p>\t\t\t\t\t\t<\/div>\n\t\t\t\t<\/div>\n\t\t\t\t<\/div>\n\t\t\t\t\t<\/div>\n\t\t\t\t<\/div>\n\t\t<div class=\"elementor-element elementor-element-3d69fd0 e-flex e-con-boxed e-con e-parent\" data-id=\"3d69fd0\" data-element_type=\"container\" data-settings=\"{&quot;content_width&quot;:&quot;boxed&quot;}\" data-core-v316-plus=\"true\">\n\t\t\t\t\t<div class=\"e-con-inner\">\n\t\t<div class=\"elementor-element elementor-element-a0b4a63 e-con-full e-flex e-con e-child\" data-id=\"a0b4a63\" data-element_type=\"container\" data-settings=\"{&quot;content_width&quot;:&quot;full&quot;}\">\n\t\t\t\t<div class=\"elementor-element elementor-element-bca7899 elementor-widget elementor-widget-text-editor\" data-id=\"bca7899\" data-element_type=\"widget\" data-widget_type=\"text-editor.default\">\n\t\t\t\t<div class=\"elementor-widget-container\">\n\t\t\t\t\t\t\t<p class=\"MsoNormal\">\u00a0<\/p><p class=\"MsoNormal\"><b><span lang=\"hu\" style=\"font-size: 16.0pt; line-height: 115%;\">Csoportos ki\u00e1ll\u00edt\u00e1sok<\/span><\/b><\/p><p class=\"MsoNormal\"><span lang=\"hu\">\u00a0<\/span><\/p><p>2025: Godot Kar\u00e1csonyi V\u00e1s\u00e1r, Budapest<\/p><p>2025: T\u00e9li T\u00e1rlat, Mad\u00e1ch Imre M\u0171vel\u0151d\u00e9si K\u00f6zpont, V\u00e1c<\/p><p>2025: Godot Art Fair, Budapest<\/p><p class=\"MsoNormal\"><span lang=\"hu\">2025: \u201eTavaszi sz\u00e9l vizet \u00e1raszt\u201d ,Mad\u00e1ch Imre<br \/>M\u0171vel\u0151d\u00e9si K\u00f6zpont, V\u00e1c<\/span><\/p><p class=\"MsoNormal\"><span lang=\"hu\">2024: XXXIII. Gy\u00e1li T\u00e9li T\u00e1rlat, Gy\u00e1l<\/span><\/p><p class=\"MsoNormal\"><span lang=\"hu\">2024: T\u00e9li T\u00e1rlat, Mad\u00e1ch Imre M\u0171vel\u0151d\u00e9si K\u00f6zpont, V\u00e1c<\/span><\/p><p class=\"MsoNormal\"><span lang=\"hu\">2024: T\u00e9li Bemutat\u00f3, Rubra, V\u00e1c<\/span><\/p><p class=\"MsoNormal\"><span lang=\"hu\">2023: \u201cItt a Tavasz\u201d , Rubra, V\u00e1c<\/span><\/p><p class=\"MsoNormal\"><span lang=\"hu\">2020: Adventi Ki\u00e1ll\u00edt\u00e1s, Magora, V\u00e1c<\/span><\/p><p class=\"MsoNormal\"><span lang=\"hu\">2019: Adventi Ki\u00e1ll\u00edt\u00e1s, Magora, V\u00e1c<\/span><\/p><p class=\"MsoNormal\"><span lang=\"hu\">2018: Art of Freedom, Sziget Fesztiv\u00e1l<\/span><\/p><p class=\"MsoNormal\"><span lang=\"hu\">2018: Adventi Ki\u00e1ll\u00edt\u00e1s, Margar\u00e9ta K\u00e1v\u00e9h\u00e1z, V\u00e1c<\/span><\/p><p class=\"MsoNormal\"><span lang=\"hu\">2017: Art of Freedom, Sziget Fesztiv\u00e1l<\/span><\/p><p class=\"MsoNormal\"><span lang=\"hu\">2017: Adventi Ki\u00e1ll\u00edt\u00e1s, Margar\u00e9ta K\u00e1v\u00e9h\u00e1z, V\u00e1c<\/span><\/p><p class=\"MsoNormal\"><span lang=\"hu\">2017: Garay St\u00fadi\u00f3 ki\u00e1ll\u00edt\u00e1sa, Katona Lajos K\u00f6nyvt\u00e1r, V\u00e1c<\/span><\/p><p class=\"MsoNormal\"><span lang=\"hu\">2016: Adventi Ki\u00e1ll\u00edt\u00e1s, Margar\u00e9ta K\u00e1v\u00e9h\u00e1z, V\u00e1c<\/span><\/p><p class=\"MsoNormal\"><span lang=\"hu\">2014: Eredeti M\u00e1solatok, Margar\u00e9ta K\u00e1v\u00e9h\u00e1z, V\u00e1c<\/span><\/p><p class=\"MsoNormal\"><span lang=\"hu\">2009: Art Lavina St\u00fadi\u00f3 Ki\u00e1ll\u00edt\u00e1sa, V\u00e1c <\/span><\/p><p class=\"MsoNormal\"><span lang=\"hu\">2009: V\u00e1ci \u0150sz, Rubra, V\u00e1c<\/span><\/p><p class=\"MsoNormal\"><span lang=\"hu\">2008: Art Lavina St\u00fadi\u00f3 Ki\u00e1ll\u00edt\u00e1sa, V\u00e1c\u00a0<\/span><\/p>\t\t\t\t\t\t<\/div>\n\t\t\t\t<\/div>\n\t\t\t\t<\/div>\n\t\t<div class=\"elementor-element elementor-element-6efbd9e e-con-full e-flex e-con e-child\" data-id=\"6efbd9e\" data-element_type=\"container\" data-settings=\"{&quot;content_width&quot;:&quot;full&quot;}\">\n\t\t\t\t<div class=\"elementor-element elementor-element-f0a48b8 elementor-widget elementor-widget-text-editor\" data-id=\"f0a48b8\" data-element_type=\"widget\" data-widget_type=\"text-editor.default\">\n\t\t\t\t<div class=\"elementor-widget-container\">\n\t\t\t\t\t\t\t<p><b><span lang=\"hu\" style=\"font-size: 16.0pt; line-height: 115%;\">Egy\u00e9ni ki\u00e1ll\u00edt\u00e1sok<\/span><\/b><\/p><p><b><span lang=\"hu\" style=\"font-size: 16.0pt; line-height: 115%;\">\u00a0<\/span><\/b><\/p><p><span lang=\"hu\">2024: \u201cNimf\u00e1k\u201d, Nyitott M\u0171hely, Budapest<\/span><\/p><p><span lang=\"hu\">\u00a0<\/span><\/p><p><b><span lang=\"hu\" style=\"font-size: 16.0pt; line-height: 115%;\">M\u0171vek k\u00f6zgy\u0171jtem\u00e9nyben<\/span><\/b><\/p><p><b><span lang=\"hu\" style=\"font-size: 16.0pt; line-height: 115%;\">\u00a0<\/span><\/b><\/p><p><span lang=\"hu\">Pann\u00f3nia H\u00e1z, V\u00e1c<\/span><\/p><p><span lang=\"hu\">V\u00e1ci F\u0151t\u00e9r, V\u00e1c<\/span><\/p><p><span lang=\"hu\">V\u00f6r\u00f6sh\u00e1z, V\u00e1c<\/span><\/p><p><span lang=\"hu\">Althann Vend\u00e9gh\u00e1z (v\u00e1ci p\u00fcsp\u00f6ks\u00e9g), V\u00e1c<\/span><\/p><p><span lang=\"hu\">\u00a0<\/span><\/p><p>\u00a0<\/p><p><span style=\"font-size: 21.3333px;\"><b>Tanulm\u00e1nyok<\/b><\/span><\/p><p>\u00a0<\/p><p class=\"MsoNormal\"><span lang=\"hu\">2006 &#8211; 2014: Art Lavina St\u00fadi\u00f3<\/span><\/p><p class=\"MsoNormal\"><span lang=\"hu\">2009 &#8211; 2014: V\u00e1ci Mad\u00e1ch Imre Gimn\u00e1zium<\/span><\/p><p class=\"MsoNormal\"><span lang=\"hu\">2014 &#8211; : Garay M\u0171v\u00e9szeti St\u00fadi\u00f3<\/span><\/p><p class=\"MsoNormal\"><span lang=\"hu\">2012 &#8211; 2014: Minerva Szakk\u00f6z\u00e9piskola<br \/>(2012-2014)<\/span><\/p><p class=\"MsoNormal\"><span lang=\"hu\">2015 &#8211; 2018: Metropolitan Egyetem (2015-2018)<\/span><\/p>\t\t\t\t\t\t<\/div>\n\t\t\t\t<\/div>\n\t\t\t\t<\/div>\n\t\t\t\t\t<\/div>\n\t\t\t\t<\/div>\n\t\t\t\t<\/div>\n\t\t","protected":false},"excerpt":{"rendered":"<p>Alkot\u00e1saimban a val\u00f3s\u00e1g \u00e9s a sz\u00fcrrealit\u00e1s hat\u00e1rvonal\u00e1n mozogva keresem az egyens\u00falyt. K\u00e9peim k\u00f6z\u00e9ppontj\u00e1ban n\u0151alakok \u00e1llnak, melyeket realista m\u00f3don \u00e1br\u00e1zolva igyekszem megragadni a n\u0151i l\u00e9lek m\u00e9lys\u00e9geit, \u00e9rz\u00e9kenys\u00e9g\u00e9t \u00e9s komplexit\u00e1s\u00e1t. Az emberi form\u00e1k prec\u00edz kidolgoz\u00e1sa mellett sz\u00fcrre\u00e1lis elemeket is be\u00e9p\u00edtek alkot\u00e1saimba. Ezek az absztrakt mot\u00edvumok fokozz\u00e1k a k\u00e9pek kifejez\u0151erej\u00e9t, \u00e9s m\u00e9lyebb jelent\u00e9st adnak nekik. A n\u0151iess\u00e9g m\u00e9lyebb [&hellip;]<\/p>\n","protected":false},"author":1,"featured_media":0,"parent":0,"menu_order":0,"comment_status":"closed","ping_status":"closed","template":"elementor_header_footer","meta":{"footnotes":""},"class_list":["post-14","page","type-page","status-publish","hentry"],"_links":{"self":[{"href":"https:\/\/annapapp.art\/index.php?rest_route=\/wp\/v2\/pages\/14","targetHints":{"allow":["GET"]}}],"collection":[{"href":"https:\/\/annapapp.art\/index.php?rest_route=\/wp\/v2\/pages"}],"about":[{"href":"https:\/\/annapapp.art\/index.php?rest_route=\/wp\/v2\/types\/page"}],"author":[{"embeddable":true,"href":"https:\/\/annapapp.art\/index.php?rest_route=\/wp\/v2\/users\/1"}],"replies":[{"embeddable":true,"href":"https:\/\/annapapp.art\/index.php?rest_route=%2Fwp%2Fv2%2Fcomments&post=14"}],"version-history":[{"count":68,"href":"https:\/\/annapapp.art\/index.php?rest_route=\/wp\/v2\/pages\/14\/revisions"}],"predecessor-version":[{"id":658,"href":"https:\/\/annapapp.art\/index.php?rest_route=\/wp\/v2\/pages\/14\/revisions\/658"}],"wp:attachment":[{"href":"https:\/\/annapapp.art\/index.php?rest_route=%2Fwp%2Fv2%2Fmedia&parent=14"}],"curies":[{"name":"wp","href":"https:\/\/api.w.org\/{rel}","templated":true}]}}